{"id":44,"date":"2022-08-21T10:47:38","date_gmt":"2022-08-21T08:47:38","guid":{"rendered":"http:\/\/www.exagroove.com\/?page_id=44"},"modified":"2026-01-14T01:09:20","modified_gmt":"2026-01-14T00:09:20","slug":"accueil","status":"publish","type":"page","link":"https:\/\/www.exagroove.com\/","title":{"rendered":"Bienvenue!"},"content":{"rendered":"\t\t<div data-elementor-type=\"wp-page\" data-elementor-id=\"44\" class=\"elementor elementor-44\">\n\t\t\t\t\t\t<section class=\"elementor-section elementor-top-section elementor-element elementor-element-59b4e0e5 elementor-section-boxed elementor-section-height-default elementor-section-height-default\" data-id=\"59b4e0e5\" data-element_type=\"section\" data-e-type=\"section\">\n\t\t\t\t\t\t<div class=\"elementor-container elementor-column-gap-default\">\n\t\t\t\t\t<div class=\"elementor-column elementor-col-100 elementor-top-column elementor-element elementor-element-2b2bb38f\" data-id=\"2b2bb38f\" data-element_type=\"column\" data-e-type=\"column\">\n\t\t\t<div class=\"elementor-widget-wrap elementor-element-populated\">\n\t\t\t\t\t\t<div class=\"elementor-element elementor-element-678f36d7 elementor-widget elementor-widget-text-editor\" data-id=\"678f36d7\" data-element_type=\"widget\" data-e-type=\"widget\" data-widget_type=\"text-editor.default\">\n\t\t\t\t<div class=\"elementor-widget-container\">\n\t\t\t\t\t\t\t\t\t\n<h2 class=\"wp-block-heading has-text-align-left has-medium-font-size\"><strong><em>En explorant votre voix, <\/em>v<em>ous allez \u00e0 la rencontre de vous-m\u00eame et de l\u2019Autre, <\/em>v<em>ous vous reconnectez \u00e0 la Vie.<\/em><\/strong><\/h2>\n\n<p><br \/>L&rsquo;atelier chant Exagroove est ouvert \u00e0 tous, aucune base musicale n&rsquo;est requise. Nous r\u00e9p\u00e9tons \u00e0 la Maison pour tous de Chadrac (43770)<br \/><br \/>Nous chantons du Gospel et du Rythm&rsquo;n Blues, en Anglais et un peu en Fran\u00e7ais.<br \/><br \/>L&rsquo;objectif est de permettre \u00e0 chacun de trouver sa propre voix au sein d&rsquo;un groupe convivial par une m\u00e9thode d&rsquo;apprentissage intuitive, sans partition, ancr\u00e9e dans le corps.<\/p>\n\n<p>Nous d\u00e9couvrons un r\u00e9pertoire vari\u00e9 autour de la musique gospel. Nous renfor\u00e7ons les bases de notre technique vocale, pour que chaque choriste progresse dans sa pratique au cours de la saison.<\/p>\n\t\t\t\t\t\t\t\t<\/div>\n\t\t\t\t<\/div>\n\t\t\t\t\t<\/div>\n\t\t<\/div>\n\t\t\t\t\t<\/div>\n\t\t<\/section>\n\t\t\t\t<section class=\"elementor-section elementor-top-section elementor-element elementor-element-130ae4f elementor-section-boxed elementor-section-height-default elementor-section-height-default\" data-id=\"130ae4f\" data-element_type=\"section\" data-e-type=\"section\">\n\t\t\t\t\t\t<div class=\"elementor-container elementor-column-gap-default\">\n\t\t\t\t\t<div class=\"elementor-column elementor-col-100 elementor-top-column elementor-element elementor-element-65e8f6b\" data-id=\"65e8f6b\" data-element_type=\"column\" data-e-type=\"column\">\n\t\t\t<div class=\"elementor-widget-wrap elementor-element-populated\">\n\t\t\t\t\t\t<div class=\"elementor-element elementor-element-8dad6a6 elementor-align-center elementor-widget elementor-widget-button\" data-id=\"8dad6a6\" data-element_type=\"widget\" data-e-type=\"widget\" data-widget_type=\"button.default\">\n\t\t\t\t<div class=\"elementor-widget-container\">\n\t\t\t\t\t\t\t\t\t<div class=\"elementor-button-wrapper\">\n\t\t\t\t\t<a class=\"elementor-button elementor-button-link elementor-size-sm\" href=\"https:\/\/docs.google.com\/forms\/d\/e\/1FAIpQLSfK60cA3oaxxL5ixEm-lBVo6H9xQMi0T9ZH4r2jXTp2WkoBYg\/viewform?usp=sharing&#038;ouid=114609209484844345812\">\n\t\t\t\t\t\t<span class=\"elementor-button-content-wrapper\">\n\t\t\t\t\t\t\t\t\t<span class=\"elementor-button-text\">J'aimerais \u00eatre contact\u00e9.e<\/span>\n\t\t\t\t\t<\/span>\n\t\t\t\t\t<\/a>\n\t\t\t\t<\/div>\n\t\t\t\t\t\t\t\t<\/div>\n\t\t\t\t<\/div>\n\t\t\t\t\t<\/div>\n\t\t<\/div>\n\t\t\t\t\t<\/div>\n\t\t<\/section>\n\t\t\t\t<\/div>\n\t\t","protected":false},"excerpt":{"rendered":"<p>En explorant votre voix, vous allez \u00e0 la rencontre de vous-m\u00eame et de l\u2019Autre, vous vous reconnectez \u00e0 la Vie. L&rsquo;atelier chant Exagroove est ouvert \u00e0 tous, aucune base musicale n&rsquo;est requise. Nous r\u00e9p\u00e9tons \u00e0 la Maison pour tous de Chadrac (43770) Nous chantons du Gospel et du Rythm&rsquo;n Blues, en Anglais et un peu &hellip; <\/p>\n<p class=\"link-more\"><a href=\"https:\/\/www.exagroove.com\/\" class=\"more-link\">Continuer la lecture<span class=\"screen-reader-text\"> de &laquo;&nbsp;Bienvenue!&nbsp;&raquo;<\/span><\/a><\/p>\n","protected":false},"author":1,"featured_media":0,"parent":0,"menu_order":0,"comment_status":"closed","ping_status":"closed","template":"","meta":{"footnotes":""},"class_list":["post-44","page","type-page","status-publish","hentry"],"_links":{"self":[{"href":"https:\/\/www.exagroove.com\/index.php\/wp-json\/wp\/v2\/pages\/44","targetHints":{"allow":["GET"]}}],"collection":[{"href":"https:\/\/www.exagroove.com\/index.php\/wp-json\/wp\/v2\/pages"}],"about":[{"href":"https:\/\/www.exagroove.com\/index.php\/wp-json\/wp\/v2\/types\/page"}],"author":[{"embeddable":true,"href":"https:\/\/www.exagroove.com\/index.php\/wp-json\/wp\/v2\/users\/1"}],"replies":[{"embeddable":true,"href":"https:\/\/www.exagroove.com\/index.php\/wp-json\/wp\/v2\/comments?post=44"}],"version-history":[{"count":49,"href":"https:\/\/www.exagroove.com\/index.php\/wp-json\/wp\/v2\/pages\/44\/revisions"}],"predecessor-version":[{"id":1153,"href":"https:\/\/www.exagroove.com\/index.php\/wp-json\/wp\/v2\/pages\/44\/revisions\/1153"}],"wp:attachment":[{"href":"https:\/\/www.exagroove.com\/index.php\/wp-json\/wp\/v2\/media?parent=44"}],"curies":[{"name":"wp","href":"https:\/\/api.w.org\/{rel}","templated":true}]}}